{"id":103062,"date":"2019-04-09T10:00:32","date_gmt":"2019-04-09T08:00:32","guid":{"rendered":"https:\/\/www.businessfactors.de\/?page_id=103062"},"modified":"2019-04-09T14:02:06","modified_gmt":"2019-04-09T12:02:06","slug":"rekrutierung-quo-vadis","status":"publish","type":"page","link":"https:\/\/www.businessfactors.de\/en\/service\/whitepaper\/rekrutierung-quo-vadis\/","title":{"rendered":"Rekrutierung Quo Vadis"},"content":{"rendered":"<div class=\"wpb-content-wrapper\"><p>[vc_row row_height_percent=&#8221;0&#8243; override_padding=&#8221;yes&#8221; h_padding=&#8221;2&#8243; top_padding=&#8221;5&#8243; bottom_padding=&#8221;2&#8243; overlay_alpha=&#8221;50&#8243; gutter_size=&#8221;3&#8243; column_width_percent=&#8221;100&#8243; mobile_visibility=&#8221;yes&#8221; shift_y=&#8221;0&#8243; z_index=&#8221;0&#8243;][vc_column column_width_use_pixel=&#8221;yes&#8221; align_horizontal=&#8221;align_center&#8221; overlay_alpha=&#8221;50&#8243; gutter_size=&#8221;3&#8243; medium_width=&#8221;0&#8243; mobile_width=&#8221;0&#8243; shift_x=&#8221;0&#8243; shift_y=&#8221;0&#8243; shift_y_down=&#8221;0&#8243; z_index=&#8221;0&#8243; width=&#8221;1\/1&#8243; column_width_pixel=&#8221;800&#8243;][vc_custom_heading heading_semantic=&#8221;h1&#8243; text_size=&#8221;h1&#8243; separator=&#8221;yes&#8221; separator_color=&#8221;yes&#8221;]Rekrutierung Quo Vadis[\/vc_custom_heading][vc_custom_heading]Eine Publikation von business factors, Profiles International und Valyoubel anl\u00e4sslich der StrategieTage Human Resources 2019[\/vc_custom_heading][\/vc_column][\/vc_row][vc_row row_height_percent=&#8221;0&#8243; override_padding=&#8221;yes&#8221; h_padding=&#8221;2&#8243; top_padding=&#8221;5&#8243; bottom_padding=&#8221;2&#8243; overlay_alpha=&#8221;50&#8243; gutter_size=&#8221;3&#8243; column_width_percent=&#8221;100&#8243; desktop_visibility=&#8221;yes&#8221; medium_visibility=&#8221;yes&#8221; shift_y=&#8221;0&#8243; z_index=&#8221;0&#8243;][vc_column column_width_percent=&#8221;100&#8243; align_horizontal=&#8221;align_center&#8221; overlay_alpha=&#8221;50&#8243; gutter_size=&#8221;3&#8243; medium_width=&#8221;0&#8243; mobile_width=&#8221;0&#8243; shift_x=&#8221;0&#8243; shift_y=&#8221;0&#8243; shift_y_down=&#8221;0&#8243; z_index=&#8221;0&#8243; width=&#8221;1\/1&#8243;][vc_custom_heading heading_semantic=&#8221;h1&#8243; separator=&#8221;yes&#8221; separator_color=&#8221;yes&#8221;]Rekrutierung Quo Vadis[\/vc_custom_heading][vc_custom_heading text_size=&#8221;h4&#8243;]Eine Publikation von business factors, Profiles International und Valyoubel anl\u00e4sslich der StrategieTage Human Resources 2019[\/vc_custom_heading][\/vc_column][\/vc_row][vc_row row_height_percent=&#8221;0&#8243; override_padding=&#8221;yes&#8221; h_padding=&#8221;2&#8243; top_padding=&#8221;2&#8243; bottom_padding=&#8221;2&#8243; overlay_alpha=&#8221;50&#8243; gutter_size=&#8221;3&#8243; column_width_percent=&#8221;100&#8243; shift_y=&#8221;0&#8243; z_index=&#8221;0&#8243;][vc_column width=&#8221;1\/1&#8243;][vc_column_text]Unternehmen erfolgreich fu\u0308r die Zukunft aufzustellen ist eine echte Herausforderung. Der technologische Fortschritt in der Arbeitswelt ist gro\u00df, der Wettbewerb st\u00e4rker geworden. Daru\u0308ber hinaus haben sich die Erwartungen der Markt-Akteure ge\u00e4ndert.<\/p>\n<p>Der Mensch reagiert unterschiedlich auf diese Herausforderungen. Die einen begru\u0308\u00dfen das Neue euphorisch, andere empfinden Unbehagen oder gar Angst. Bereits Victor Hugo sagte dazu: \u201eDie Zukunft hat viele Namen: Fu\u0308r Schwache ist sie das Unerreichbare, fu\u0308r die Furchtsamen das Unbekannte, fu\u0308r die Mutigen die Chance\u201c. Dazu kommt, dass Menschen in der Regel ihr Wohlbefinden mit ihrer pers\u00f6nlichen Perspektive verbinden.<\/p>\n<p>Die <a href=\"https:\/\/www.businessfactors.de\/conferences\/human-resources\/\" target=\"_blank\" rel=\"noopener noreferrer\">StrategieTage Human RESOURCES<\/a> \u2013 besonders unter der \u00dcberschrift \u201ePotenzielle Mitarbeiter von Morgen\u201c \u2013 bietet den optimalen Rahmen, eine profunde Meinung derer aufzuzeigen, die eben genau mit den Herausforderungen konfrontiert sind, die \u201eMitarbeiter von Morgen\u201c zu finden. Selten findet sich eine so gro\u00dfe Anzahl von verantwortlichen HR-Managern auf \u2013 zwar sch\u00f6nem \u2013 aber doch recht konzentriertem Platz wie im Grandhotel Schloss Bensberg.<\/p>\n<p>Unser besonderer Dank gilt den zahlreichen Teilnehmern der Umfrage fu\u0308r Ihre Unterstu\u0308tzung. Die interessanten Erkenntnisse konnten wir nur durch ihre Mitwirkung gewinnen.<\/p>\n<p>Wir freuen uns, wenn wir mit der aktuellen Umfrage den Diskussionsprozess zu diesem \u00e4u\u00dferst wichtigen Thema bereichern k\u00f6nnen.<\/p>\n<p>Eine interessante Lekt\u00fcre und weiterhin viel Erfolg w\u00fcnschen.[\/vc_column_text][\/vc_column][\/vc_row][vc_row row_height_percent=&#8221;0&#8243; override_padding=&#8221;yes&#8221; h_padding=&#8221;2&#8243; top_padding=&#8221;0&#8243; bottom_padding=&#8221;0&#8243; overlay_alpha=&#8221;50&#8243; gutter_size=&#8221;3&#8243; column_width_percent=&#8221;100&#8243; shift_y=&#8221;0&#8243; z_index=&#8221;0&#8243;][vc_column column_width_use_pixel=&#8221;yes&#8221; align_horizontal=&#8221;align_center&#8221; override_padding=&#8221;yes&#8221; column_padding=&#8221;0&#8243; overlay_alpha=&#8221;50&#8243; gutter_size=&#8221;3&#8243; medium_width=&#8221;0&#8243; mobile_width=&#8221;0&#8243; shift_x=&#8221;0&#8243; shift_y=&#8221;0&#8243; shift_y_down=&#8221;0&#8243; z_index=&#8221;0&#8243; width=&#8221;1\/1&#8243; column_width_pixel=&#8221;800&#8243;][vc_row_inner][vc_column_inner column_width_percent=&#8221;100&#8243; align_horizontal=&#8221;align_center&#8221; override_padding=&#8221;yes&#8221; column_padding=&#8221;2&#8243; gutter_size=&#8221;3&#8243; overlay_alpha=&#8221;50&#8243; medium_width=&#8221;4&#8243; mobile_width=&#8221;0&#8243; shift_x=&#8221;0&#8243; shift_y=&#8221;0&#8243; shift_y_down=&#8221;0&#8243; z_index=&#8221;0&#8243; width=&#8221;1\/2&#8243;][vc_single_image media=&#8221;103063&#8243; media_width_percent=&#8221;70&#8243; alignment=&#8221;center&#8221; shape=&#8221;img-circle&#8221; shadow=&#8221;yes&#8221; shadow_weight=&#8221;xs&#8221; shadow_darker=&#8221;yes&#8221; css_animation=&#8221;zoom-in&#8221; media_link=&#8221;|||&#8221;][vc_custom_heading heading_semantic=&#8221;h3&#8243; text_size=&#8221;h3&#8243; sub_reduced=&#8221;yes&#8221; css_animation=&#8221;top-t-bottom&#8221; subheading=&#8221;Unternehmerin und<br \/>\nFachbuch-Autorin&#8221;]Nilg\u00fcn Aygen[\/vc_custom_heading][\/vc_column_inner][vc_column_inner column_width_percent=&#8221;100&#8243; align_horizontal=&#8221;align_center&#8221; override_padding=&#8221;yes&#8221; column_padding=&#8221;2&#8243; gutter_size=&#8221;3&#8243; overlay_alpha=&#8221;50&#8243; medium_width=&#8221;4&#8243; mobile_width=&#8221;0&#8243; shift_x=&#8221;0&#8243; shift_y=&#8221;0&#8243; shift_y_down=&#8221;0&#8243; z_index=&#8221;0&#8243; width=&#8221;1\/2&#8243;][vc_single_image media=&#8221;91248&#8243; media_width_percent=&#8221;70&#8243; alignment=&#8221;center&#8221; shape=&#8221;img-circle&#8221; shadow=&#8221;yes&#8221; shadow_weight=&#8221;xs&#8221; shadow_darker=&#8221;yes&#8221; css_animation=&#8221;zoom-in&#8221; animation_delay=&#8221;100&#8243;][vc_custom_heading heading_semantic=&#8221;h3&#8243; text_size=&#8221;h3&#8243; sub_reduced=&#8221;yes&#8221; css_animation=&#8221;top-t-bottom&#8221; animation_delay=&#8221;100&#8243; subheading=&#8221;Gesch\u00e4ftsf\u00fchrer<br \/>\nbusiness factors Deutschland GmbH&#8221;]Atil Ural[\/vc_custom_heading][\/vc_column_inner][\/vc_row_inner][\/vc_column][\/vc_row][vc_row row_height_percent=&#8221;0&#8243; override_padding=&#8221;yes&#8221; h_padding=&#8221;2&#8243; top_padding=&#8221;2&#8243; bottom_padding=&#8221;5&#8243; overlay_alpha=&#8221;50&#8243; gutter_size=&#8221;3&#8243; column_width_percent=&#8221;100&#8243; shift_y=&#8221;0&#8243; z_index=&#8221;0&#8243;][vc_column column_width_percent=&#8221;100&#8243; align_horizontal=&#8221;align_center&#8221; overlay_alpha=&#8221;50&#8243; gutter_size=&#8221;3&#8243; medium_width=&#8221;0&#8243; mobile_width=&#8221;0&#8243; shift_x=&#8221;0&#8243; shift_y=&#8221;0&#8243; shift_y_down=&#8221;0&#8243; z_index=&#8221;0&#8243; width=&#8221;1\/1&#8243;][vc_separator sep_color=&#8221;color-uydo&#8221; el_width=&#8221;40%&#8221;][vc_empty_space empty_h=&#8221;2&#8243;][vc_button size=&#8221;btn-lg&#8221; radius=&#8221;btn-round&#8221; border_animation=&#8221;btn-ripple-out&#8221; shadow=&#8221;yes&#8221; shadow_weight=&#8221;std&#8221; border_width=&#8221;0&#8243; css_animation=&#8221;top-t-bottom&#8221; link=&#8221;url:https%3A%2F%2Fwww.businessfactors.de%2Fwp-content%2Fuploads%2F2019%2F04%2FWithepaper-Rekrutierung_Quo_Vadis.pdf||target:%20_blank|&#8221; icon=&#8221;fa fa-download&#8221;]Download Whitepaper[\/vc_button][\/vc_column][\/vc_row]<\/p>\n<\/div>","protected":false},"excerpt":{"rendered":"<p>Unternehmen erfolgreich fu\u0308r die Zukunft aufzustellen ist eine echte Herausforderung. Der technologische Fortschritt in der Arbeitswelt ist gro\u00df, der Wettbewerb st\u00e4rker geworden. Daru\u0308ber hinaus haben sich die Erwartungen der Markt-Akteure ge\u00e4ndert.<\/p>\n","protected":false},"author":7,"featured_media":103059,"parent":90209,"menu_order":0,"comment_status":"closed","ping_status":"closed","template":"","meta":{"footnotes":""},"class_list":["post-103062","page","type-page","status-publish","has-post-thumbnail","hentry","page_category-whitepaper"],"yoast_head":"<!-- This site is optimized with the Yoast SEO Premium plugin v27.4 (Yoast SEO v27.4) - https:\/\/yoast.com\/product\/yoast-seo-premium-wordpress\/ -->\n<title>Rekrutierung Quo Vadis - business factors Deutschland GmbH<\/title>\n<meta name=\"robots\" content=\"index, follow, max-snippet:-1, max-image-preview:large, max-video-preview:-1\" \/>\n<link rel=\"canonical\" href=\"https:\/\/www.businessfactors.de\/en\/service\/whitepaper\/rekrutierung-quo-vadis\/\" \/>\n<meta property=\"og:locale\" content=\"en_US\" \/>\n<meta property=\"og:type\" content=\"article\" \/>\n<meta property=\"og:title\" content=\"Rekrutierung Quo Vadis\" \/>\n<meta property=\"og:description\" content=\"Unternehmen erfolgreich fu\u0308r die Zukunft aufzustellen ist eine echte Herausforderung. Der technologische Fortschritt in der Arbeitswelt ist gro\u00df, der Wettbewerb st\u00e4rker geworden. Daru\u0308ber hinaus haben sich die Erwartungen der Markt-Akteure ge\u00e4ndert.\" \/>\n<meta property=\"og:url\" content=\"https:\/\/www.businessfactors.de\/en\/service\/whitepaper\/rekrutierung-quo-vadis\/\" \/>\n<meta property=\"og:site_name\" content=\"business factors Deutschland GmbH\" \/>\n<meta property=\"article:publisher\" content=\"https:\/\/www.facebook.com\/businessfactors\/\" \/>\n<meta property=\"article:modified_time\" content=\"2019-04-09T12:02:06+00:00\" \/>\n<meta property=\"og:image\" content=\"https:\/\/www.businessfactors.de\/wp-content\/uploads\/2019\/04\/quo-vadis.jpg\" \/>\n\t<meta property=\"og:image:width\" content=\"1280\" \/>\n\t<meta property=\"og:image:height\" content=\"853\" \/>\n\t<meta property=\"og:image:type\" content=\"image\/jpeg\" \/>\n<meta name=\"twitter:card\" content=\"summary_large_image\" \/>\n<meta name=\"twitter:site\" content=\"@BFactors\" \/>\n<meta name=\"twitter:label1\" content=\"Est. reading time\" \/>\n\t<meta name=\"twitter:data1\" content=\"4 minutes\" \/>\n<script type=\"application\/ld+json\" class=\"yoast-schema-graph\">{\"@context\":\"https:\\\/\\\/schema.org\",\"@graph\":[{\"@type\":\"WebPage\",\"@id\":\"https:\\\/\\\/www.businessfactors.de\\\/en\\\/service\\\/whitepaper\\\/rekrutierung-quo-vadis\\\/\",\"url\":\"https:\\\/\\\/www.businessfactors.de\\\/en\\\/service\\\/whitepaper\\\/rekrutierung-quo-vadis\\\/\",\"name\":\"Rekrutierung Quo Vadis - business factors Deutschland GmbH\",\"isPartOf\":{\"@id\":\"https:\\\/\\\/www.businessfactors.de\\\/de\\\/#website\"},\"primaryImageOfPage\":{\"@id\":\"https:\\\/\\\/www.businessfactors.de\\\/en\\\/service\\\/whitepaper\\\/rekrutierung-quo-vadis\\\/#primaryimage\"},\"image\":{\"@id\":\"https:\\\/\\\/www.businessfactors.de\\\/en\\\/service\\\/whitepaper\\\/rekrutierung-quo-vadis\\\/#primaryimage\"},\"thumbnailUrl\":\"https:\\\/\\\/www.businessfactors.de\\\/wp-content\\\/uploads\\\/2019\\\/04\\\/quo-vadis.jpg\",\"datePublished\":\"2019-04-09T08:00:32+00:00\",\"dateModified\":\"2019-04-09T12:02:06+00:00\",\"breadcrumb\":{\"@id\":\"https:\\\/\\\/www.businessfactors.de\\\/en\\\/service\\\/whitepaper\\\/rekrutierung-quo-vadis\\\/#breadcrumb\"},\"inLanguage\":\"en-US\",\"potentialAction\":[{\"@type\":\"ReadAction\",\"target\":[\"https:\\\/\\\/www.businessfactors.de\\\/en\\\/service\\\/whitepaper\\\/rekrutierung-quo-vadis\\\/\"]}]},{\"@type\":\"ImageObject\",\"inLanguage\":\"en-US\",\"@id\":\"https:\\\/\\\/www.businessfactors.de\\\/en\\\/service\\\/whitepaper\\\/rekrutierung-quo-vadis\\\/#primaryimage\",\"url\":\"https:\\\/\\\/www.businessfactors.de\\\/wp-content\\\/uploads\\\/2019\\\/04\\\/quo-vadis.jpg\",\"contentUrl\":\"https:\\\/\\\/www.businessfactors.de\\\/wp-content\\\/uploads\\\/2019\\\/04\\\/quo-vadis.jpg\",\"width\":1280,\"height\":853},{\"@type\":\"BreadcrumbList\",\"@id\":\"https:\\\/\\\/www.businessfactors.de\\\/en\\\/service\\\/whitepaper\\\/rekrutierung-quo-vadis\\\/#breadcrumb\",\"itemListElement\":[{\"@type\":\"ListItem\",\"position\":1,\"name\":\"Startseite\",\"item\":\"https:\\\/\\\/www.businessfactors.de\\\/en\\\/\"},{\"@type\":\"ListItem\",\"position\":2,\"name\":\"Service\",\"item\":\"https:\\\/\\\/www.businessfactors.de\\\/en\\\/service\\\/\"},{\"@type\":\"ListItem\",\"position\":3,\"name\":\"Whitepaper\",\"item\":\"https:\\\/\\\/www.businessfactors.de\\\/en\\\/service\\\/whitepaper\\\/\"},{\"@type\":\"ListItem\",\"position\":4,\"name\":\"Rekrutierung Quo Vadis\"}]},{\"@type\":\"WebSite\",\"@id\":\"https:\\\/\\\/www.businessfactors.de\\\/de\\\/#website\",\"url\":\"https:\\\/\\\/www.businessfactors.de\\\/de\\\/\",\"name\":\"business factors Deutschland GmbH\",\"description\":\"Meet your business partners of tomorrow\",\"publisher\":{\"@id\":\"https:\\\/\\\/www.businessfactors.de\\\/de\\\/#organization\"},\"potentialAction\":[{\"@type\":\"SearchAction\",\"target\":{\"@type\":\"EntryPoint\",\"urlTemplate\":\"https:\\\/\\\/www.businessfactors.de\\\/de\\\/?s={search_term_string}\"},\"query-input\":{\"@type\":\"PropertyValueSpecification\",\"valueRequired\":true,\"valueName\":\"search_term_string\"}}],\"inLanguage\":\"en-US\"},{\"@type\":\"Organization\",\"@id\":\"https:\\\/\\\/www.businessfactors.de\\\/de\\\/#organization\",\"name\":\"business factors Deutschland GmbH\",\"url\":\"https:\\\/\\\/www.businessfactors.de\\\/de\\\/\",\"logo\":{\"@type\":\"ImageObject\",\"inLanguage\":\"en-US\",\"@id\":\"https:\\\/\\\/www.businessfactors.de\\\/de\\\/#\\\/schema\\\/logo\\\/image\\\/\",\"url\":\"https:\\\/\\\/www.businessfactors.de\\\/wp-content\\\/uploads\\\/2019\\\/04\\\/BF_Logo_web.jpg\",\"contentUrl\":\"https:\\\/\\\/www.businessfactors.de\\\/wp-content\\\/uploads\\\/2019\\\/04\\\/BF_Logo_web.jpg\",\"width\":600,\"height\":400,\"caption\":\"business factors Deutschland GmbH\"},\"image\":{\"@id\":\"https:\\\/\\\/www.businessfactors.de\\\/de\\\/#\\\/schema\\\/logo\\\/image\\\/\"},\"sameAs\":[\"https:\\\/\\\/www.facebook.com\\\/businessfactors\\\/\",\"https:\\\/\\\/x.com\\\/BFactors\"]}]}<\/script>\n<!-- \/ Yoast SEO Premium plugin. -->","yoast_head_json":{"title":"Rekrutierung Quo Vadis - business factors Deutschland GmbH","robots":{"index":"index","follow":"follow","max-snippet":"max-snippet:-1","max-image-preview":"max-image-preview:large","max-video-preview":"max-video-preview:-1"},"canonical":"https:\/\/www.businessfactors.de\/en\/service\/whitepaper\/rekrutierung-quo-vadis\/","og_locale":"en_US","og_type":"article","og_title":"Rekrutierung Quo Vadis","og_description":"Unternehmen erfolgreich fu\u0308r die Zukunft aufzustellen ist eine echte Herausforderung. Der technologische Fortschritt in der Arbeitswelt ist gro\u00df, der Wettbewerb st\u00e4rker geworden. Daru\u0308ber hinaus haben sich die Erwartungen der Markt-Akteure ge\u00e4ndert.","og_url":"https:\/\/www.businessfactors.de\/en\/service\/whitepaper\/rekrutierung-quo-vadis\/","og_site_name":"business factors Deutschland GmbH","article_publisher":"https:\/\/www.facebook.com\/businessfactors\/","article_modified_time":"2019-04-09T12:02:06+00:00","og_image":[{"width":1280,"height":853,"url":"https:\/\/www.businessfactors.de\/wp-content\/uploads\/2019\/04\/quo-vadis.jpg","type":"image\/jpeg"}],"twitter_card":"summary_large_image","twitter_site":"@BFactors","twitter_misc":{"Est. reading time":"4 minutes"},"schema":{"@context":"https:\/\/schema.org","@graph":[{"@type":"WebPage","@id":"https:\/\/www.businessfactors.de\/en\/service\/whitepaper\/rekrutierung-quo-vadis\/","url":"https:\/\/www.businessfactors.de\/en\/service\/whitepaper\/rekrutierung-quo-vadis\/","name":"Rekrutierung Quo Vadis - business factors Deutschland GmbH","isPartOf":{"@id":"https:\/\/www.businessfactors.de\/de\/#website"},"primaryImageOfPage":{"@id":"https:\/\/www.businessfactors.de\/en\/service\/whitepaper\/rekrutierung-quo-vadis\/#primaryimage"},"image":{"@id":"https:\/\/www.businessfactors.de\/en\/service\/whitepaper\/rekrutierung-quo-vadis\/#primaryimage"},"thumbnailUrl":"https:\/\/www.businessfactors.de\/wp-content\/uploads\/2019\/04\/quo-vadis.jpg","datePublished":"2019-04-09T08:00:32+00:00","dateModified":"2019-04-09T12:02:06+00:00","breadcrumb":{"@id":"https:\/\/www.businessfactors.de\/en\/service\/whitepaper\/rekrutierung-quo-vadis\/#breadcrumb"},"inLanguage":"en-US","potentialAction":[{"@type":"ReadAction","target":["https:\/\/www.businessfactors.de\/en\/service\/whitepaper\/rekrutierung-quo-vadis\/"]}]},{"@type":"ImageObject","inLanguage":"en-US","@id":"https:\/\/www.businessfactors.de\/en\/service\/whitepaper\/rekrutierung-quo-vadis\/#primaryimage","url":"https:\/\/www.businessfactors.de\/wp-content\/uploads\/2019\/04\/quo-vadis.jpg","contentUrl":"https:\/\/www.businessfactors.de\/wp-content\/uploads\/2019\/04\/quo-vadis.jpg","width":1280,"height":853},{"@type":"BreadcrumbList","@id":"https:\/\/www.businessfactors.de\/en\/service\/whitepaper\/rekrutierung-quo-vadis\/#breadcrumb","itemListElement":[{"@type":"ListItem","position":1,"name":"Startseite","item":"https:\/\/www.businessfactors.de\/en\/"},{"@type":"ListItem","position":2,"name":"Service","item":"https:\/\/www.businessfactors.de\/en\/service\/"},{"@type":"ListItem","position":3,"name":"Whitepaper","item":"https:\/\/www.businessfactors.de\/en\/service\/whitepaper\/"},{"@type":"ListItem","position":4,"name":"Rekrutierung Quo Vadis"}]},{"@type":"WebSite","@id":"https:\/\/www.businessfactors.de\/de\/#website","url":"https:\/\/www.businessfactors.de\/de\/","name":"business factors Deutschland GmbH","description":"Meet your business partners of tomorrow","publisher":{"@id":"https:\/\/www.businessfactors.de\/de\/#organization"},"potentialAction":[{"@type":"SearchAction","target":{"@type":"EntryPoint","urlTemplate":"https:\/\/www.businessfactors.de\/de\/?s={search_term_string}"},"query-input":{"@type":"PropertyValueSpecification","valueRequired":true,"valueName":"search_term_string"}}],"inLanguage":"en-US"},{"@type":"Organization","@id":"https:\/\/www.businessfactors.de\/de\/#organization","name":"business factors Deutschland GmbH","url":"https:\/\/www.businessfactors.de\/de\/","logo":{"@type":"ImageObject","inLanguage":"en-US","@id":"https:\/\/www.businessfactors.de\/de\/#\/schema\/logo\/image\/","url":"https:\/\/www.businessfactors.de\/wp-content\/uploads\/2019\/04\/BF_Logo_web.jpg","contentUrl":"https:\/\/www.businessfactors.de\/wp-content\/uploads\/2019\/04\/BF_Logo_web.jpg","width":600,"height":400,"caption":"business factors Deutschland GmbH"},"image":{"@id":"https:\/\/www.businessfactors.de\/de\/#\/schema\/logo\/image\/"},"sameAs":["https:\/\/www.facebook.com\/businessfactors\/","https:\/\/x.com\/BFactors"]}]}},"_links":{"self":[{"href":"https:\/\/www.businessfactors.de\/en\/wp-json\/wp\/v2\/pages\/103062","targetHints":{"allow":["GET"]}}],"collection":[{"href":"https:\/\/www.businessfactors.de\/en\/wp-json\/wp\/v2\/pages"}],"about":[{"href":"https:\/\/www.businessfactors.de\/en\/wp-json\/wp\/v2\/types\/page"}],"author":[{"embeddable":true,"href":"https:\/\/www.businessfactors.de\/en\/wp-json\/wp\/v2\/users\/7"}],"replies":[{"embeddable":true,"href":"https:\/\/www.businessfactors.de\/en\/wp-json\/wp\/v2\/comments?post=103062"}],"version-history":[{"count":0,"href":"https:\/\/www.businessfactors.de\/en\/wp-json\/wp\/v2\/pages\/103062\/revisions"}],"up":[{"embeddable":true,"href":"https:\/\/www.businessfactors.de\/en\/wp-json\/wp\/v2\/pages\/90209"}],"wp:featuredmedia":[{"embeddable":true,"href":"https:\/\/www.businessfactors.de\/en\/wp-json\/wp\/v2\/media\/103059"}],"wp:attachment":[{"href":"https:\/\/www.businessfactors.de\/en\/wp-json\/wp\/v2\/media?parent=103062"}],"curies":[{"name":"wp","href":"https:\/\/api.w.org\/{rel}","templated":true}]}}