{"id":158635,"date":"2020-03-21T13:00:57","date_gmt":"2020-03-21T12:00:57","guid":{"rendered":"https:\/\/www.businessfactors.de\/terms-conditions\/attendee-2\/"},"modified":"2026-03-16T17:08:43","modified_gmt":"2026-03-16T16:08:43","slug":"speaker","status":"publish","type":"page","link":"https:\/\/www.businessfactors.de\/de\/terms-conditions\/speaker\/","title":{"rendered":"Teilnahmebedingung REF"},"content":{"rendered":"<div class=\"wpb-content-wrapper\"><p>[vc_row row_height_percent=&#8221;0&#8243; override_padding=&#8221;yes&#8221; h_padding=&#8221;2&#8243; top_padding=&#8221;3&#8243; bottom_padding=&#8221;0&#8243; overlay_alpha=&#8221;50&#8243; gutter_size=&#8221;3&#8243; column_width_percent=&#8221;100&#8243; shift_y=&#8221;0&#8243; z_index=&#8221;0&#8243; uncode_shortcode_id=&#8221;725411&#8243; row_name=&#8221;overview&#8221;][vc_column column_width_percent=&#8221;100&#8243; gutter_size=&#8221;3&#8243; style=&#8221;light&#8221; overlay_alpha=&#8221;50&#8243; shift_x=&#8221;0&#8243; shift_y=&#8221;0&#8243; shift_y_down=&#8221;0&#8243; z_index=&#8221;0&#8243; medium_width=&#8221;0&#8243; mobile_width=&#8221;0&#8243; width=&#8221;1\/1&#8243; uncode_shortcode_id=&#8221;274392&#8243;][vc_custom_heading text_color=&#8221;accent&#8221; heading_semantic=&#8221;h1&#8243; text_font=&#8221;font-792521&#8243; text_size=&#8221;&#8221; text_weight=&#8221;500&#8243; text_space=&#8221;fontspace-177565&#8243; uncode_shortcode_id=&#8221;152460&#8243; text_color_type=&#8221;uncode-palette&#8221;]Teilnahmebedingung[\/vc_custom_heading][\/vc_column][\/vc_row][vc_row row_height_percent=&#8221;0&#8243; override_padding=&#8221;yes&#8221; h_padding=&#8221;2&#8243; top_padding=&#8221;2&#8243; bottom_padding=&#8221;0&#8243; overlay_alpha=&#8221;50&#8243; gutter_size=&#8221;3&#8243; column_width_percent=&#8221;100&#8243; shift_y=&#8221;0&#8243; z_index=&#8221;0&#8243; row_name=&#8221;dsg-general-intro&#8221; uncode_shortcode_id=&#8221;116182&#8243;][vc_column column_width_percent=&#8221;100&#8243; gutter_size=&#8221;1&#8243; overlay_alpha=&#8221;50&#8243; shift_x=&#8221;0&#8243; shift_y=&#8221;0&#8243; shift_y_down=&#8221;0&#8243; z_index=&#8221;0&#8243; medium_width=&#8221;0&#8243; mobile_width=&#8221;0&#8243; width=&#8221;1\/1&#8243; uncode_shortcode_id=&#8221;106092&#8243;][vc_custom_heading text_font=&#8221;font-792521&#8243; text_size=&#8221;h4&#8243; text_weight=&#8221;400&#8243; text_space=&#8221;fontspace-177565&#8243; uncode_shortcode_id=&#8221;197419&#8243;]Teilnahme an den StrategieTagen[\/vc_custom_heading][vc_column_text uncode_shortcode_id=&#8221;154689&#8243;]Der Referent stellt die Vortragsinhalte vor der Veranstaltung zur Verf\u00fcgung und ist damit einverstanden, dass diese Informationen f\u00fcr Zwecke der \u00d6ffentlichkeitsarbeit verwendet werden (Webseite, Kongresshandbuch, Soziale Medien etc.). Der Referent erteilt business factors die Genehmigung, Foto-, Film-, Bild-, Ton- und sonstige Aufnahmen zu t\u00e4tigen und diese nach vorheriger Freigabe in s\u00e4mtlichen Publikationen f\u00fcr Print, Internet, Funk, Fernsehen und sonstigen Medien unentgeltlich zu verwerten. Die Kosten f\u00fcr die Teilnahme am gesamten Konferenzprogramm sowie der \u00dcbernachtung werden von der business factors Deutschland GmbH getragen. Ferner erh\u00e4lt der Referent ein kostenfreies Ticket f\u00fcr einen weiteren Teilnehmer mit F\u00fchrungsverantwortung im Bereich der Thematik.[\/vc_column_text][\/vc_column][\/vc_row][vc_row row_height_percent=&#8221;0&#8243; override_padding=&#8221;yes&#8221; h_padding=&#8221;2&#8243; top_padding=&#8221;2&#8243; bottom_padding=&#8221;0&#8243; overlay_alpha=&#8221;50&#8243; gutter_size=&#8221;3&#8243; column_width_percent=&#8221;100&#8243; shift_y=&#8221;0&#8243; z_index=&#8221;0&#8243; row_name=&#8221;dsg-general-intro&#8221; uncode_shortcode_id=&#8221;205802&#8243;][vc_column column_width_percent=&#8221;100&#8243; gutter_size=&#8221;1&#8243; overlay_alpha=&#8221;50&#8243; shift_x=&#8221;0&#8243; shift_y=&#8221;0&#8243; shift_y_down=&#8221;0&#8243; z_index=&#8221;0&#8243; medium_width=&#8221;0&#8243; mobile_width=&#8221;0&#8243; width=&#8221;1\/1&#8243; uncode_shortcode_id=&#8221;106092&#8243;][vc_custom_heading text_font=&#8221;font-792521&#8243; text_size=&#8221;h4&#8243; text_weight=&#8221;400&#8243; text_space=&#8221;fontspace-177565&#8243; uncode_shortcode_id=&#8221;205365&#8243;]Gerichtsstand[\/vc_custom_heading][vc_column_text uncode_shortcode_id=&#8221;179839&#8243;]Gerichtsstand f\u00fcr alle Streitigkeiten aus oder im Zusammenhang mit Vertr\u00e4gen ist der Unternehmenssitz von business factors. business factors ist aber auch berechtigt, am Sitz des Referenten zu klagen. Der Referent kann Anspr\u00fcche aus dem Vertragsverh\u00e4ltnis mit business factors nur mit ihrer vorherigen ausdr\u00fccklichen Zustimmung an Dritte abtreten.[\/vc_column_text][\/vc_column][\/vc_row][vc_row row_height_percent=&#8221;0&#8243; override_padding=&#8221;yes&#8221; h_padding=&#8221;2&#8243; top_padding=&#8221;2&#8243; bottom_padding=&#8221;4&#8243; overlay_alpha=&#8221;50&#8243; gutter_size=&#8221;3&#8243; column_width_percent=&#8221;100&#8243; shift_y=&#8221;0&#8243; z_index=&#8221;0&#8243; row_name=&#8221;dsg-general-intro&#8221; uncode_shortcode_id=&#8221;103829&#8243;][vc_column column_width_percent=&#8221;100&#8243; gutter_size=&#8221;1&#8243; overlay_alpha=&#8221;50&#8243; shift_x=&#8221;0&#8243; shift_y=&#8221;0&#8243; shift_y_down=&#8221;0&#8243; z_index=&#8221;0&#8243; medium_width=&#8221;0&#8243; mobile_width=&#8221;0&#8243; width=&#8221;1\/1&#8243; uncode_shortcode_id=&#8221;106092&#8243;][vc_custom_heading text_font=&#8221;font-792521&#8243; text_size=&#8221;h4&#8243; text_weight=&#8221;400&#8243; text_space=&#8221;fontspace-177565&#8243; uncode_shortcode_id=&#8221;749419&#8243;]Weitergabe personenbezogener Daten[\/vc_custom_heading][vc_column_text uncode_shortcode_id=&#8221;580439&#8243;]Der Referent ist mit der Weitergabe seiner personenbezogenen Daten an die beteiligten Kompetenzpartner\/Sponsoren einverstanden. Die Liste derer kann vor Kongressbeginn \u00fcber das business factors Onlineportal eingesehen werden.[\/vc_column_text][\/vc_column][\/vc_row]<\/p>\n<\/div>","protected":false},"excerpt":{"rendered":"<p>[vc_row row_height_percent=&#8221;0&#8243; override_padding=&#8221;yes&#8221; h_padding=&#8221;2&#8243; top_padding=&#8221;3&#8243; bottom_padding=&#8221;0&#8243; overlay_alpha=&#8221;50&#8243; gutter_size=&#8221;3&#8243; column_width_percent=&#8221;100&#8243; shift_y=&#8221;0&#8243; z_index=&#8221;0&#8243; uncode_shortcode_id=&#8221;725411&#8243; row_name=&#8221;overview&#8221;][vc_column column_width_percent=&#8221;100&#8243; gutter_size=&#8221;3&#8243; style=&#8221;light&#8221; overlay_alpha=&#8221;50&#8243; shift_x=&#8221;0&#8243; shift_y=&#8221;0&#8243; shift_y_down=&#8221;0&#8243; [&hellip;]<\/p>\n","protected":false},"author":7,"featured_media":0,"parent":67489,"menu_order":0,"comment_status":"closed","ping_status":"closed","template":"","meta":{"footnotes":""},"class_list":["post-158635","page","type-page","status-publish","hentry","page_category-rechtliches"],"yoast_head":"<!-- This site is optimized with the Yoast SEO Premium plugin v27.4 (Yoast SEO v27.4) - https:\/\/yoast.com\/product\/yoast-seo-premium-wordpress\/ -->\n<title>Teilnahmebedingung REF - business factors Deutschland GmbH<\/title>\n<meta name=\"robots\" content=\"index, follow, max-snippet:-1, max-image-preview:large, max-video-preview:-1\" \/>\n<link rel=\"canonical\" href=\"https:\/\/www.businessfactors.de\/de\/terms-conditions\/speaker\/\" \/>\n<meta property=\"og:locale\" content=\"de_DE\" \/>\n<meta property=\"og:type\" content=\"article\" \/>\n<meta property=\"og:title\" content=\"Teilnahmebedingung REF\" \/>\n<meta property=\"og:description\" content=\"[vc_row row_height_percent=&#8221;0&#8243; override_padding=&#8221;yes&#8221; h_padding=&#8221;2&#8243; top_padding=&#8221;3&#8243; bottom_padding=&#8221;0&#8243; overlay_alpha=&#8221;50&#8243; gutter_size=&#8221;3&#8243; column_width_percent=&#8221;100&#8243; shift_y=&#8221;0&#8243; z_index=&#8221;0&#8243; uncode_shortcode_id=&#8221;725411&#8243; row_name=&#8221;overview&#8221;][vc_column column_width_percent=&#8221;100&#8243; gutter_size=&#8221;3&#8243; style=&#8221;light&#8221; overlay_alpha=&#8221;50&#8243; shift_x=&#8221;0&#8243; shift_y=&#8221;0&#8243; shift_y_down=&#8221;0&#8243; [&hellip;]\" \/>\n<meta property=\"og:url\" content=\"https:\/\/www.businessfactors.de\/de\/terms-conditions\/speaker\/\" \/>\n<meta property=\"og:site_name\" content=\"business factors Deutschland GmbH\" \/>\n<meta property=\"article:publisher\" content=\"https:\/\/www.facebook.com\/businessfactors\/\" \/>\n<meta property=\"article:modified_time\" content=\"2026-03-16T16:08:43+00:00\" \/>\n<meta name=\"twitter:card\" content=\"summary_large_image\" \/>\n<meta name=\"twitter:site\" content=\"@BFactors\" \/>\n<meta name=\"twitter:label1\" content=\"Gesch\u00e4tzte Lesezeit\" \/>\n\t<meta name=\"twitter:data1\" content=\"2\u00a0Minuten\" \/>\n<script type=\"application\/ld+json\" class=\"yoast-schema-graph\">{\"@context\":\"https:\\\/\\\/schema.org\",\"@graph\":[{\"@type\":\"WebPage\",\"@id\":\"https:\\\/\\\/www.businessfactors.de\\\/de\\\/terms-conditions\\\/speaker\\\/\",\"url\":\"https:\\\/\\\/www.businessfactors.de\\\/de\\\/terms-conditions\\\/speaker\\\/\",\"name\":\"Teilnahmebedingung REF - business factors Deutschland GmbH\",\"isPartOf\":{\"@id\":\"https:\\\/\\\/www.businessfactors.de\\\/de\\\/#website\"},\"datePublished\":\"2020-03-21T12:00:57+00:00\",\"dateModified\":\"2026-03-16T16:08:43+00:00\",\"breadcrumb\":{\"@id\":\"https:\\\/\\\/www.businessfactors.de\\\/de\\\/terms-conditions\\\/speaker\\\/#breadcrumb\"},\"inLanguage\":\"de\",\"potentialAction\":[{\"@type\":\"ReadAction\",\"target\":[\"https:\\\/\\\/www.businessfactors.de\\\/de\\\/terms-conditions\\\/speaker\\\/\"]}]},{\"@type\":\"BreadcrumbList\",\"@id\":\"https:\\\/\\\/www.businessfactors.de\\\/de\\\/terms-conditions\\\/speaker\\\/#breadcrumb\",\"itemListElement\":[{\"@type\":\"ListItem\",\"position\":1,\"name\":\"Startseite\",\"item\":\"https:\\\/\\\/www.businessfactors.de\\\/de\\\/\"},{\"@type\":\"ListItem\",\"position\":2,\"name\":\"Allgemeine Gesch\u00e4ftsbedingungen &#038; Kundeninfo\",\"item\":\"https:\\\/\\\/www.businessfactors.de\\\/de\\\/terms-conditions\\\/\"},{\"@type\":\"ListItem\",\"position\":3,\"name\":\"Teilnahmebedingung REF\"}]},{\"@type\":\"WebSite\",\"@id\":\"https:\\\/\\\/www.businessfactors.de\\\/de\\\/#website\",\"url\":\"https:\\\/\\\/www.businessfactors.de\\\/de\\\/\",\"name\":\"business factors Deutschland GmbH\",\"description\":\"Meet your business partners of tomorrow\",\"publisher\":{\"@id\":\"https:\\\/\\\/www.businessfactors.de\\\/de\\\/#organization\"},\"potentialAction\":[{\"@type\":\"SearchAction\",\"target\":{\"@type\":\"EntryPoint\",\"urlTemplate\":\"https:\\\/\\\/www.businessfactors.de\\\/de\\\/?s={search_term_string}\"},\"query-input\":{\"@type\":\"PropertyValueSpecification\",\"valueRequired\":true,\"valueName\":\"search_term_string\"}}],\"inLanguage\":\"de\"},{\"@type\":\"Organization\",\"@id\":\"https:\\\/\\\/www.businessfactors.de\\\/de\\\/#organization\",\"name\":\"business factors Deutschland GmbH\",\"url\":\"https:\\\/\\\/www.businessfactors.de\\\/de\\\/\",\"logo\":{\"@type\":\"ImageObject\",\"inLanguage\":\"de\",\"@id\":\"https:\\\/\\\/www.businessfactors.de\\\/de\\\/#\\\/schema\\\/logo\\\/image\\\/\",\"url\":\"https:\\\/\\\/www.businessfactors.de\\\/wp-content\\\/uploads\\\/2019\\\/04\\\/BF_Logo_web.jpg\",\"contentUrl\":\"https:\\\/\\\/www.businessfactors.de\\\/wp-content\\\/uploads\\\/2019\\\/04\\\/BF_Logo_web.jpg\",\"width\":600,\"height\":400,\"caption\":\"business factors Deutschland GmbH\"},\"image\":{\"@id\":\"https:\\\/\\\/www.businessfactors.de\\\/de\\\/#\\\/schema\\\/logo\\\/image\\\/\"},\"sameAs\":[\"https:\\\/\\\/www.facebook.com\\\/businessfactors\\\/\",\"https:\\\/\\\/x.com\\\/BFactors\"]}]}<\/script>\n<!-- \/ Yoast SEO Premium plugin. -->","yoast_head_json":{"title":"Teilnahmebedingung REF - business factors Deutschland GmbH","robots":{"index":"index","follow":"follow","max-snippet":"max-snippet:-1","max-image-preview":"max-image-preview:large","max-video-preview":"max-video-preview:-1"},"canonical":"https:\/\/www.businessfactors.de\/de\/terms-conditions\/speaker\/","og_locale":"de_DE","og_type":"article","og_title":"Teilnahmebedingung REF","og_description":"[vc_row row_height_percent=&#8221;0&#8243; override_padding=&#8221;yes&#8221; h_padding=&#8221;2&#8243; top_padding=&#8221;3&#8243; bottom_padding=&#8221;0&#8243; overlay_alpha=&#8221;50&#8243; gutter_size=&#8221;3&#8243; column_width_percent=&#8221;100&#8243; shift_y=&#8221;0&#8243; z_index=&#8221;0&#8243; uncode_shortcode_id=&#8221;725411&#8243; row_name=&#8221;overview&#8221;][vc_column column_width_percent=&#8221;100&#8243; gutter_size=&#8221;3&#8243; style=&#8221;light&#8221; overlay_alpha=&#8221;50&#8243; shift_x=&#8221;0&#8243; shift_y=&#8221;0&#8243; shift_y_down=&#8221;0&#8243; [&hellip;]","og_url":"https:\/\/www.businessfactors.de\/de\/terms-conditions\/speaker\/","og_site_name":"business factors Deutschland GmbH","article_publisher":"https:\/\/www.facebook.com\/businessfactors\/","article_modified_time":"2026-03-16T16:08:43+00:00","twitter_card":"summary_large_image","twitter_site":"@BFactors","twitter_misc":{"Gesch\u00e4tzte Lesezeit":"2\u00a0Minuten"},"schema":{"@context":"https:\/\/schema.org","@graph":[{"@type":"WebPage","@id":"https:\/\/www.businessfactors.de\/de\/terms-conditions\/speaker\/","url":"https:\/\/www.businessfactors.de\/de\/terms-conditions\/speaker\/","name":"Teilnahmebedingung REF - business factors Deutschland GmbH","isPartOf":{"@id":"https:\/\/www.businessfactors.de\/de\/#website"},"datePublished":"2020-03-21T12:00:57+00:00","dateModified":"2026-03-16T16:08:43+00:00","breadcrumb":{"@id":"https:\/\/www.businessfactors.de\/de\/terms-conditions\/speaker\/#breadcrumb"},"inLanguage":"de","potentialAction":[{"@type":"ReadAction","target":["https:\/\/www.businessfactors.de\/de\/terms-conditions\/speaker\/"]}]},{"@type":"BreadcrumbList","@id":"https:\/\/www.businessfactors.de\/de\/terms-conditions\/speaker\/#breadcrumb","itemListElement":[{"@type":"ListItem","position":1,"name":"Startseite","item":"https:\/\/www.businessfactors.de\/de\/"},{"@type":"ListItem","position":2,"name":"Allgemeine Gesch\u00e4ftsbedingungen &#038; Kundeninfo","item":"https:\/\/www.businessfactors.de\/de\/terms-conditions\/"},{"@type":"ListItem","position":3,"name":"Teilnahmebedingung REF"}]},{"@type":"WebSite","@id":"https:\/\/www.businessfactors.de\/de\/#website","url":"https:\/\/www.businessfactors.de\/de\/","name":"business factors Deutschland GmbH","description":"Meet your business partners of tomorrow","publisher":{"@id":"https:\/\/www.businessfactors.de\/de\/#organization"},"potentialAction":[{"@type":"SearchAction","target":{"@type":"EntryPoint","urlTemplate":"https:\/\/www.businessfactors.de\/de\/?s={search_term_string}"},"query-input":{"@type":"PropertyValueSpecification","valueRequired":true,"valueName":"search_term_string"}}],"inLanguage":"de"},{"@type":"Organization","@id":"https:\/\/www.businessfactors.de\/de\/#organization","name":"business factors Deutschland GmbH","url":"https:\/\/www.businessfactors.de\/de\/","logo":{"@type":"ImageObject","inLanguage":"de","@id":"https:\/\/www.businessfactors.de\/de\/#\/schema\/logo\/image\/","url":"https:\/\/www.businessfactors.de\/wp-content\/uploads\/2019\/04\/BF_Logo_web.jpg","contentUrl":"https:\/\/www.businessfactors.de\/wp-content\/uploads\/2019\/04\/BF_Logo_web.jpg","width":600,"height":400,"caption":"business factors Deutschland GmbH"},"image":{"@id":"https:\/\/www.businessfactors.de\/de\/#\/schema\/logo\/image\/"},"sameAs":["https:\/\/www.facebook.com\/businessfactors\/","https:\/\/x.com\/BFactors"]}]}},"_links":{"self":[{"href":"https:\/\/www.businessfactors.de\/de\/wp-json\/wp\/v2\/pages\/158635","targetHints":{"allow":["GET"]}}],"collection":[{"href":"https:\/\/www.businessfactors.de\/de\/wp-json\/wp\/v2\/pages"}],"about":[{"href":"https:\/\/www.businessfactors.de\/de\/wp-json\/wp\/v2\/types\/page"}],"author":[{"embeddable":true,"href":"https:\/\/www.businessfactors.de\/de\/wp-json\/wp\/v2\/users\/7"}],"replies":[{"embeddable":true,"href":"https:\/\/www.businessfactors.de\/de\/wp-json\/wp\/v2\/comments?post=158635"}],"version-history":[{"count":0,"href":"https:\/\/www.businessfactors.de\/de\/wp-json\/wp\/v2\/pages\/158635\/revisions"}],"up":[{"embeddable":true,"href":"https:\/\/www.businessfactors.de\/de\/wp-json\/wp\/v2\/pages\/67489"}],"wp:attachment":[{"href":"https:\/\/www.businessfactors.de\/de\/wp-json\/wp\/v2\/media?parent=158635"}],"curies":[{"name":"wp","href":"https:\/\/api.w.org\/{rel}","templated":true}]}}